{"id":112,"date":"2017-03-31T14:39:21","date_gmt":"2017-03-31T13:39:21","guid":{"rendered":"http:\/\/casaruralorenetes.cat\/?page_id=112"},"modified":"2017-06-14T11:02:48","modified_gmt":"2017-06-14T10:02:48","slug":"loft-rural","status":"publish","type":"page","link":"https:\/\/casaruralorenetes.cat\/index.php\/loft-rural\/","title":{"rendered":"Loft Rural"},"content":{"rendered":"<p>&nbsp;<\/p>\n<p><strong>Per contactar al correu electr\u00f2nic: <a href=\"mailto:lesorenetes07@gmail.com\" target=\"_blank\">lesorenetes07@gmail.com<\/a> o pel tel\u00e8fon: (+34) 649 914 991<\/strong><\/p>\n<p style=\"text-align: left;\"><strong>Ideal per a parelles amb o sense fills. Es disposa de cuina completament equipada i tot el necessari per desconnectar. A prop de la platja per\u00f2 prou apartada per gaudir d&#8217;un passeig entre vinyes.<\/strong><\/p>\n<h2 style=\"text-align: left;\">Caracter\u00edstiques<\/h2>\n<p style=\"text-align: left;\"><strong><img loading=\"lazy\" decoding=\"async\" class=\"wp-image-117 alignright\" src=\"http:\/\/casaruralorenetes.cat\/wp-content\/uploads\/2017\/03\/2.jpg\" alt=\"\" width=\"507\" height=\"332\" \/>Exterior:<\/strong> Jard\u00ed, Barbacoa, Hort, Terrassa, Mobles de jard\u00ed.<br \/>\n<strong>Interior:<\/strong> DVD o v\u00eddeo, Equip de m\u00fasica, Rentadora, Microones, Calefacci\u00f3, Rentavaixelles, Menjador, TV a l&#8217;habitaci\u00f3, Bany a l&#8217;habitaci\u00f3, Cuina, Llar de foc, TV, Biblioteca, Sala d&#8217;estar, Zona d&#8217;aparcament, Llar de foc a l&#8217;habitaci\u00f3.<br \/>\n<strong>Serveis:<\/strong> Acc\u00e9s a internet, S&#8217;admeten animals, Bressol disponible, Documentaci\u00f3 sobre la zona, Servei de mainadera, Venta de productes locals, granja, WiFi gratu\u00efta.<br \/>\n<strong>Situaci\u00f3:<\/strong> A prop de la platja, Muntanya, Acc\u00e9s asfaltat, Als afores del casc urb\u00e0, Senyalitzaci\u00f3 d&#8217;acc\u00e9s.<\/p>\n<h2 style=\"text-align: left;\">Activitats<\/h2>\n<p style=\"text-align: left;\"><strong>Terra:<\/strong> Collir bolets, Bicicleta de muntanya &#8211; BTT, Escalada, Golf, Muntanyisme, Rutes gastron\u00f2miques, Senderisme &#8211; trekking, Enoturisme.<br \/>\n<strong>Aigua:<\/strong> Surf, Windsurf, Vela.<br \/>\n<strong>Aire:<\/strong> Parapent.<\/p>\n<p style=\"text-align: left;\"><img loading=\"lazy\" decoding=\"async\" class=\" wp-image-193 alignright\" src=\"http:\/\/casaruralorenetes.cat\/wp-content\/uploads\/2017\/03\/1.-General-cuina_LOFT.jpg\" alt=\"\" width=\"511\" height=\"327\" srcset=\"https:\/\/casaruralorenetes.cat\/wp-content\/uploads\/2017\/03\/1.-General-cuina_LOFT.jpg 944w, https:\/\/casaruralorenetes.cat\/wp-content\/uploads\/2017\/03\/1.-General-cuina_LOFT-300x192.jpg 300w, https:\/\/casaruralorenetes.cat\/wp-content\/uploads\/2017\/03\/1.-General-cuina_LOFT-768x491.jpg 768w\" sizes=\"auto, (max-width: 511px) 100vw, 511px\" \/><\/p>\n<p style=\"text-align: left;\"><a href=\"http:\/\/casaruralorenetes.cat\/index.php\/fotos-del-loft-rural\/\"><strong>Veure fotografies del Loft Rural<\/strong><\/a><\/p>\n<hr \/>\n\n<div class=\"wpcf7 no-js\" id=\"wpcf7-f72-o1\" lang=\"ca\" dir=\"ltr\" data-wpcf7-id=\"72\">\n<div class=\"screen-reader-response\"><p role=\"status\" aria-live=\"polite\" aria-atomic=\"true\"><\/p> <ul><\/ul><\/div>\n<form action=\"\/index.php\/wp-json\/wp\/v2\/pages\/112#wpcf7-f72-o1\" method=\"post\" class=\"wpcf7-form init\" aria-label=\"Formulari de contacte\" novalidate=\"novalidate\" data-status=\"init\">\n<fieldset class=\"hidden-fields-container\"><input type=\"hidden\" name=\"_wpcf7\" value=\"72\" \/><input type=\"hidden\" name=\"_wpcf7_version\" value=\"6.1.4\" \/><input type=\"hidden\" name=\"_wpcf7_locale\" value=\"ca\" \/><input type=\"hidden\" name=\"_wpcf7_unit_tag\" value=\"wpcf7-f72-o1\" \/><input type=\"hidden\" name=\"_wpcf7_container_post\" value=\"0\" \/><input type=\"hidden\" name=\"_wpcf7_posted_data_hash\" value=\"\" \/>\n<\/fieldset>\n\n<h1>Sol\u00b7licitar Reserva\n<\/h1>\n<p><label> El teu nom(obligatori)<br \/>\n<span class=\"wpcf7-form-control-wrap\" data-name=\"your-name\"><input size=\"40\" maxlength=\"400\" class=\"wpcf7-form-control wpcf7-text wpcf7-validates-as-required\" aria-required=\"true\" aria-invalid=\"false\" value=\"\" type=\"text\" name=\"your-name\" \/><\/span> <\/label>\n<\/p>\n<p><label> El teu correu electr\u00f2nic (obligatori)<br \/>\n<span class=\"wpcf7-form-control-wrap\" data-name=\"your-email\"><input size=\"40\" maxlength=\"400\" class=\"wpcf7-form-control wpcf7-email wpcf7-validates-as-required wpcf7-text wpcf7-validates-as-email\" aria-required=\"true\" aria-invalid=\"false\" value=\"\" type=\"email\" name=\"your-email\" \/><\/span> <\/label>\n<\/p>\n<p><label> El teu Tel\u00e8fon (obligatori)<br \/>\n<span class=\"wpcf7-form-control-wrap\" data-name=\"tel-557\"><input size=\"40\" maxlength=\"400\" class=\"wpcf7-form-control wpcf7-tel wpcf7-validates-as-required wpcf7-text wpcf7-validates-as-tel\" aria-required=\"true\" aria-invalid=\"false\" value=\"\" type=\"tel\" name=\"tel-557\" \/><\/span> <\/label>\n<\/p>\n<p><label> N\u00famero de persones<br \/>\n<span class=\"wpcf7-form-control-wrap\" data-name=\"persones\"><input size=\"40\" maxlength=\"400\" class=\"wpcf7-form-control wpcf7-text wpcf7-validates-as-required\" aria-required=\"true\" aria-invalid=\"false\" value=\"\" type=\"text\" name=\"persones\" \/><\/span> <\/label>\n<\/p>\n<p><label> Assumpte:<br \/>\n<span class=\"wpcf7-form-control-wrap\" data-name=\"your-subject\"><input size=\"40\" maxlength=\"400\" class=\"wpcf7-form-control wpcf7-text\" aria-invalid=\"false\" value=\"\" type=\"text\" name=\"your-subject\" \/><\/span> <\/label>\n<\/p>\n<p><label> Comentaris<br \/>\n<span class=\"wpcf7-form-control-wrap\" data-name=\"your-message\"><textarea cols=\"40\" rows=\"10\" maxlength=\"2000\" class=\"wpcf7-form-control wpcf7-textarea\" aria-invalid=\"false\" name=\"your-message\"><\/textarea><\/span> <\/label>\n<\/p>\n<p><span class=\"wpcf7-form-control-wrap\" data-name=\"checkbox-413\"><span class=\"wpcf7-form-control wpcf7-checkbox wpcf7-validates-as-required\"><span class=\"wpcf7-list-item first last\"><label><input type=\"checkbox\" name=\"checkbox-413[]\" value=\"He llegit i accepto la Pol\u00edtica de Protecci\u00f3 de Dades\" \/><span class=\"wpcf7-list-item-label\">He llegit i accepto la Pol\u00edtica de Protecci\u00f3 de Dades<\/span><\/label><\/span><\/span><\/span><a href=\"http:\/\/casaruralorenetes.cat\/index.php\/politica-de-proteccio-de-dades\/\" target=\"_blank\">LOPD<\/a><label><br \/>\n<input class=\"wpcf7-form-control wpcf7-submit has-spinner\" type=\"submit\" value=\"Enviar\" \/><\/label>\n<\/p><p style=\"display: none !important;\" class=\"akismet-fields-container\" data-prefix=\"_wpcf7_ak_\"><label>&#916;<textarea name=\"_wpcf7_ak_hp_textarea\" cols=\"45\" rows=\"8\" maxlength=\"100\"><\/textarea><\/label><input type=\"hidden\" id=\"ak_js_1\" name=\"_wpcf7_ak_js\" value=\"107\"\/><script>document.getElementById( \"ak_js_1\" ).setAttribute( \"value\", ( new Date() ).getTime() );<\/script><\/p><div class=\"wpcf7-response-output\" aria-hidden=\"true\"><\/div>\n<\/form>\n<\/div>\n\n","protected":false},"excerpt":{"rendered":"<p>&nbsp; Per contactar al correu electr\u00f2nic: lesorenetes07@gmail.com o pel tel\u00e8fon: (+34) 649 914 991 Ideal per a parelles amb o sense fills. Es disposa de cuina completament equipada i tot el necessari per desconnectar. A prop de la platja per\u00f2 prou apartada per gaudir d&#8217;un passeig entre vinyes. Caracter\u00edstiques Exterior: Jard\u00ed, Barbacoa, Hort, Terrassa, Mobles [&hellip;]<\/p>\n","protected":false},"author":1,"featured_media":124,"parent":0,"menu_order":0,"comment_status":"closed","ping_status":"closed","template":"","meta":{"footnotes":""},"class_list":["post-112","page","type-page","status-publish","has-post-thumbnail","hentry"],"_links":{"self":[{"href":"https:\/\/casaruralorenetes.cat\/index.php\/wp-json\/wp\/v2\/pages\/112","targetHints":{"allow":["GET"]}}],"collection":[{"href":"https:\/\/casaruralorenetes.cat\/index.php\/wp-json\/wp\/v2\/pages"}],"about":[{"href":"https:\/\/casaruralorenetes.cat\/index.php\/wp-json\/wp\/v2\/types\/page"}],"author":[{"embeddable":true,"href":"https:\/\/casaruralorenetes.cat\/index.php\/wp-json\/wp\/v2\/users\/1"}],"replies":[{"embeddable":true,"href":"https:\/\/casaruralorenetes.cat\/index.php\/wp-json\/wp\/v2\/comments?post=112"}],"version-history":[{"count":12,"href":"https:\/\/casaruralorenetes.cat\/index.php\/wp-json\/wp\/v2\/pages\/112\/revisions"}],"predecessor-version":[{"id":235,"href":"https:\/\/casaruralorenetes.cat\/index.php\/wp-json\/wp\/v2\/pages\/112\/revisions\/235"}],"wp:featuredmedia":[{"embeddable":true,"href":"https:\/\/casaruralorenetes.cat\/index.php\/wp-json\/wp\/v2\/media\/124"}],"wp:attachment":[{"href":"https:\/\/casaruralorenetes.cat\/index.php\/wp-json\/wp\/v2\/media?parent=112"}],"curies":[{"name":"wp","href":"https:\/\/api.w.org\/{rel}","templated":true}]}}