{"id":18,"date":"2017-03-30T15:30:37","date_gmt":"2017-03-30T14:30:37","guid":{"rendered":"http:\/\/casaruralorenetes.cat\/?page_id=18"},"modified":"2024-09-29T17:49:47","modified_gmt":"2024-09-29T16:49:47","slug":"entorn","status":"publish","type":"page","link":"https:\/\/casaruralorenetes.cat\/index.php\/entorn\/","title":{"rendered":"ENTORN"},"content":{"rendered":"<p><img loading=\"lazy\" decoding=\"async\" class=\"size-full wp-image-19 alignright\" src=\"http:\/\/casaruralorenetes.cat\/wp-content\/uploads\/2017\/03\/entorn1.jpg\" alt=\"\" width=\"276\" height=\"368\" srcset=\"https:\/\/casaruralorenetes.cat\/wp-content\/uploads\/2017\/03\/entorn1.jpg 276w, https:\/\/casaruralorenetes.cat\/wp-content\/uploads\/2017\/03\/entorn1-225x300.jpg 225w\" sizes=\"auto, (max-width: 276px) 100vw, 276px\" \/><\/p>\n<p><strong>Per contactar al correu electr\u00f2nic: <a href=\"mailto:lesorenetes07@gmail.com\" target=\"_blank\" rel=\"noopener\">lesorenetes07@gmail.com<\/a> o pel tel\u00e8fon: (+34) 649 914 991<\/strong><\/p>\n<p>La casa es troba a la barriada de l&#8217;Hostal, dins la poblaci\u00f3 de Sant Jaume dels Domenys, envoltada de vinyes i conreus t\u00edpics del Pened\u00e8s.<br \/>\nEl municipi de Sant Jaume, a tan sols dos quil\u00f2metres de la barriada de L\u2019Hostal, t\u00e9 una poblaci\u00f3 repartida entre diversos barris i llogarrets, la qual ascendia a 2.048 habitants l\u2019any 2006. Tot i aix\u00ed, disposa de botigues de comestibles, papereria, mobles, perruqueries, immobili\u00e0ries, entitats banc\u00e0ries, etc. perqu\u00e8 el nostre hoste tingui tot el que necessita ben a prop.<\/p>\n<h2>CLIMA<\/h2>\n<p>Gr\u00e0cies a la proximitat del mar el clima d\u2019aquestes terres acostuma a ser temperat, amb hiverns suaus i estius xafogosos. A m\u00e9s a m\u00e9s, ben a prop hi ha la serra del Montmell, la qual fa de barrera i ens protegeix del vent del nord.<\/p>\n<p>Durant els mesos hivernals les temperatures mitjanes oscil\u00b7len entre els set i deu graus, per aquest motiu, les gelades s\u00f3n excepcionals.<br \/>\nLa temperatura mitjana anual \u00e9s d\u2019aproximadament 15-16\u00ba i la precipitaci\u00f3 anual resta al voltant dels 600 mm.<\/p>\n<p><img loading=\"lazy\" decoding=\"async\" class=\"alignright size-full wp-image-20\" src=\"http:\/\/casaruralorenetes.cat\/wp-content\/uploads\/2017\/03\/entorn2.jpg\" alt=\"\" width=\"550\" height=\"366\" srcset=\"https:\/\/casaruralorenetes.cat\/wp-content\/uploads\/2017\/03\/entorn2.jpg 550w, https:\/\/casaruralorenetes.cat\/wp-content\/uploads\/2017\/03\/entorn2-300x200.jpg 300w\" sizes=\"auto, (max-width: 550px) 100vw, 550px\" \/><\/p>\n<h2>VEGETACI\u00d3<\/h2>\n<p>Sens dubte, el municipi conserva un entorn rural amb encant. El paisatge caracter\u00edstic d\u2019aquestes terres segueix sent el conreu de la vinya enmig del qual s&#8217;entreveu una multitud de masies escampades per tot el terme. El municipi compta amb una superf\u00edcie de conreus de sec\u00e0 de 1500 hect\u00e0rees, dedicades principalment a la vinya encara que tamb\u00e9 s\u2019hi conreen oliveres. Les terres dedicades al conreu d&#8217;ametlles i cereals van disminuint poc a poc, aquests havien sigut molt importants en altres \u00e8poques per\u00f2 avui s\u00f3n molt minoritaris.<br \/>\nA la muntanya abunda majorit\u00e0riament la garriga (70%) la resta \u00e9s bosc de pi blanc i pasturatges.<\/p>\n<h2>ECONOMIA<\/h2>\n<p>Sant Jaume \u00e9s un dels municipis de la comarca on l&#8217;agricultura \u00e9s m\u00e9s din\u00e0mica, i segueix sent, a dia d&#8217;avui, una activitat econ\u00f2mica important. La major part d&#8217;aquesta activitat gira entorn del ra\u00efm i dels productes que se\u2019n deriven on La Cooperativa Agr\u00edcola hi t\u00e9 un paper essencial.<\/p>\n<hr \/>\n","protected":false},"excerpt":{"rendered":"<p>Per contactar al correu electr\u00f2nic: lesorenetes07@gmail.com o pel tel\u00e8fon: (+34) 649 914 991 La casa es troba a la barriada de l&#8217;Hostal, dins la poblaci\u00f3 de Sant Jaume dels Domenys, envoltada de vinyes i conreus t\u00edpics del Pened\u00e8s. El municipi de Sant Jaume, a tan sols dos quil\u00f2metres de la barriada de L\u2019Hostal, t\u00e9 una [&hellip;]<\/p>\n","protected":false},"author":1,"featured_media":0,"parent":0,"menu_order":0,"comment_status":"closed","ping_status":"closed","template":"","meta":{"footnotes":""},"class_list":["post-18","page","type-page","status-publish","hentry"],"_links":{"self":[{"href":"https:\/\/casaruralorenetes.cat\/index.php\/wp-json\/wp\/v2\/pages\/18","targetHints":{"allow":["GET"]}}],"collection":[{"href":"https:\/\/casaruralorenetes.cat\/index.php\/wp-json\/wp\/v2\/pages"}],"about":[{"href":"https:\/\/casaruralorenetes.cat\/index.php\/wp-json\/wp\/v2\/types\/page"}],"author":[{"embeddable":true,"href":"https:\/\/casaruralorenetes.cat\/index.php\/wp-json\/wp\/v2\/users\/1"}],"replies":[{"embeddable":true,"href":"https:\/\/casaruralorenetes.cat\/index.php\/wp-json\/wp\/v2\/comments?post=18"}],"version-history":[{"count":10,"href":"https:\/\/casaruralorenetes.cat\/index.php\/wp-json\/wp\/v2\/pages\/18\/revisions"}],"predecessor-version":[{"id":1119,"href":"https:\/\/casaruralorenetes.cat\/index.php\/wp-json\/wp\/v2\/pages\/18\/revisions\/1119"}],"wp:attachment":[{"href":"https:\/\/casaruralorenetes.cat\/index.php\/wp-json\/wp\/v2\/media?parent=18"}],"curies":[{"name":"wp","href":"https:\/\/api.w.org\/{rel}","templated":true}]}}