{"id":26,"date":"2017-03-30T15:33:46","date_gmt":"2017-03-30T14:33:46","guid":{"rendered":"http:\/\/casaruralorenetes.cat\/?page_id=26"},"modified":"2024-09-23T20:17:16","modified_gmt":"2024-09-23T19:17:16","slug":"reserves","status":"publish","type":"page","link":"https:\/\/casaruralorenetes.cat\/index.php\/reserves\/","title":{"rendered":"RESERVES"},"content":{"rendered":"<p><strong>Contacta&#8217;ns Directament!<\/strong><\/p>\n<p>Per a qualsevol consulta o sol\u00b7licitud de reserva, envia&#8217;ns un correu electr\u00f2nic a:<br \/>\n\ud83d\udce7 <strong><a href=\"mailto:lesorenetes07@gmail.com\" rel=\"noopener\">lesorenetes07@gmail.com<\/a><\/strong><\/p>\n<p>Si us plau, inclou la seg\u00fcent informaci\u00f3:<\/p>\n<ul>\n<li><strong>Nom<\/strong><\/li>\n<li><strong>Correu electr\u00f2nic<\/strong><\/li>\n<li><strong>Tel\u00e8fon de contacte<\/strong><\/li>\n<li><strong>N\u00famero de persones<\/strong><\/li>\n<li><strong>Dates de l&#8217;estada<\/strong><\/li>\n<li><strong>Comentaris o sol\u00b7licituds especials<\/strong><\/li>\n<\/ul>\n<p>Estarem encantats d&#8217;atendre&#8217;t tan aviat com sigui possible!<\/p>\n","protected":false},"excerpt":{"rendered":"<p>Contacta&#8217;ns Directament! Per a qualsevol consulta o sol\u00b7licitud de reserva, envia&#8217;ns un correu electr\u00f2nic a: \ud83d\udce7 lesorenetes07@gmail.com Si us plau, inclou la seg\u00fcent informaci\u00f3: Nom Correu electr\u00f2nic Tel\u00e8fon de contacte N\u00famero de persones Dates de l&#8217;estada Comentaris o sol\u00b7licituds especials Estarem encantats d&#8217;atendre&#8217;t tan aviat com sigui possible!<\/p>\n","protected":false},"author":1,"featured_media":0,"parent":0,"menu_order":0,"comment_status":"closed","ping_status":"closed","template":"","meta":{"footnotes":""},"class_list":["post-26","page","type-page","status-publish","hentry"],"_links":{"self":[{"href":"https:\/\/casaruralorenetes.cat\/index.php\/wp-json\/wp\/v2\/pages\/26","targetHints":{"allow":["GET"]}}],"collection":[{"href":"https:\/\/casaruralorenetes.cat\/index.php\/wp-json\/wp\/v2\/pages"}],"about":[{"href":"https:\/\/casaruralorenetes.cat\/index.php\/wp-json\/wp\/v2\/types\/page"}],"author":[{"embeddable":true,"href":"https:\/\/casaruralorenetes.cat\/index.php\/wp-json\/wp\/v2\/users\/1"}],"replies":[{"embeddable":true,"href":"https:\/\/casaruralorenetes.cat\/index.php\/wp-json\/wp\/v2\/comments?post=26"}],"version-history":[{"count":5,"href":"https:\/\/casaruralorenetes.cat\/index.php\/wp-json\/wp\/v2\/pages\/26\/revisions"}],"predecessor-version":[{"id":1106,"href":"https:\/\/casaruralorenetes.cat\/index.php\/wp-json\/wp\/v2\/pages\/26\/revisions\/1106"}],"wp:attachment":[{"href":"https:\/\/casaruralorenetes.cat\/index.php\/wp-json\/wp\/v2\/media?parent=26"}],"curies":[{"name":"wp","href":"https:\/\/api.w.org\/{rel}","templated":true}]}}